{"id":2407,"date":"2025-01-27T13:40:40","date_gmt":"2025-01-27T12:40:40","guid":{"rendered":"https:\/\/fondationfap.ch\/?page_id=2407"},"modified":"2026-03-22T15:31:52","modified_gmt":"2026-03-22T14:31:52","slug":"nos-criteres","status":"publish","type":"page","link":"https:\/\/fondationfap.ch\/en\/que-faisons-nous\/nos-criteres\/","title":{"rendered":"Secteur d'Activit\u00e9"},"content":{"rendered":"<p>[et_pb_section fb_built=&#8221;1&#8243; _builder_version=&#8221;4.19.5&#8243; _module_preset=&#8221;default&#8221; global_colors_info=&#8221;{}&#8221;][et_pb_row _builder_version=&#8221;4.19.5&#8243; _module_preset=&#8221;default&#8221; global_colors_info=&#8221;{}&#8221;][et_pb_column type=&#8221;4_4&#8243; _builder_version=&#8221;4.19.5&#8243; _module_preset=&#8221;default&#8221; global_colors_info=&#8221;{}&#8221;][et_pb_text _builder_version=&#8221;4.19.5&#8243; _module_preset=&#8221;default&#8221; hover_enabled=&#8221;0&#8243; content_en_us=&#8221;<\/p>\n<h1 style=%22font-weight: 400;%22><span style=%22color: #993300;%22><strong>Our Sector of Activity<\/strong><\/span><\/h1>\n<p>The Foundation&#8217;s Board is attentive to requests concerning actions for the benefit of minorities and communities that encounter difficulties in having their voices heard and their rights respected.<\/p>\n<p>In 2024 the FAP Board updated the list of the Foundation&#8217;s areas of intervention, the purpose of which remains to support projects arising from Reformed Protestantism throughout the world.<\/p>\n<p>The list does not, however, limit the Board&#8217;s freedom to act freely and to make exceptions or revise it as it sees fit.<\/p>\n<ul>\n<li><span style=%22color: #800000;%22>Training and education<\/span><\/li>\n<li><span style=%22color: #800000;%22>Reformed Protestant expression<\/span><\/li>\n<li><span style=%22color: #800000;%22>Diakonia<\/span><\/li>\n<li><span style=%22color: #800000;%22>Personnel, buildings, and equipment necessary for service<\/span><\/li>\n<li><span style=%22color: #800000;%22>Ecumenism and interreligious dialogue<\/span><\/li>\n<\/ul>\n<p style=%22font-weight: 400;%22>&#8221; global_colors_info=&#8221;{}&#8221; sticky_enabled=&#8221;0&#8243;]<\/p>\n<h1 style=\"font-weight: 400;\"><span style=\"color: #993300;\"><strong>Nos Secteurs d&#8217;activit\u00e9<\/strong><\/span><\/h1>\n<p>Le conseil de la Fondation est attentif \u00e0 r\u00e9pondre \u00e0 des demandes concernant des actions au b\u00e9n\u00e9fice de minorit\u00e9s et de communaut\u00e9s qui rencontrent des difficult\u00e9s pour faire entendre leur voix et faire respecter leurs droits<\/p>\n<p>En 2024 le Conseil de la FAP a mis \u00e0 jour la liste des secteurs d\u2019intervention de la Fondation dont la finalit\u00e9 reste le soutien \u00e0 des projets issue du protestantisme reform\u00e9 dans le monde entier.<\/p>\n<p>La liste ne limite n\u00e9anmoins pas la libert\u00e9 du Conseil d\u2019agir en toute libert\u00e9 et de faire des exceptions ou de le r\u00e9viser quand il le juge n\u00e9cessaire.<\/p>\n<p>&nbsp;<\/p>\n<p>&nbsp;<\/p>\n<ul>\n<li><span style=\"color: #800000;\">Formation et Education<\/span><\/li>\n<li><span style=\"color: #800000;\">Expression Reform\u00e9e Protstante<\/span><\/li>\n<li><span style=\"color: #800000;\">Diaconie<\/span><\/li>\n<li><span style=\"color: #800000;\">Personnel, b\u00e2timents et \u00e9quipements n\u00e9cessaires au service<\/span><\/li>\n<li><span style=\"color: #800000;\">\u0152cum\u00e9nisme et dialogue interreligieux<\/span><\/li>\n<\/ul>\n<p>[\/et_pb_text][\/et_pb_column][\/et_pb_row][\/et_pb_section]<\/p>\n","protected":false},"excerpt":{"rendered":"<p>Nos Secteurs d&#8217;activit\u00e9 Le conseil de la Fondation est attentif \u00e0 r\u00e9pondre \u00e0 des demandes concernant des actions au b\u00e9n\u00e9fice de minorit\u00e9s et de communaut\u00e9s qui rencontrent des difficult\u00e9s pour faire entendre leur voix et faire respecter leurs droits En 2024 le Conseil de la FAP a mis \u00e0 jour la liste des secteurs d\u2019intervention [&hellip;]<\/p>\n","protected":false},"author":2,"featured_media":2416,"parent":2048,"menu_order":0,"comment_status":"closed","ping_status":"closed","template":"","meta":{"_et_pb_use_builder":"on","_et_pb_old_content":"","_et_gb_content_width":""},"_links":{"self":[{"href":"https:\/\/fondationfap.ch\/en\/wp-json\/wp\/v2\/pages\/2407"}],"collection":[{"href":"https:\/\/fondationfap.ch\/en\/wp-json\/wp\/v2\/pages"}],"about":[{"href":"https:\/\/fondationfap.ch\/en\/wp-json\/wp\/v2\/types\/page"}],"author":[{"embeddable":true,"href":"https:\/\/fondationfap.ch\/en\/wp-json\/wp\/v2\/users\/2"}],"replies":[{"embeddable":true,"href":"https:\/\/fondationfap.ch\/en\/wp-json\/wp\/v2\/comments?post=2407"}],"version-history":[{"count":7,"href":"https:\/\/fondationfap.ch\/en\/wp-json\/wp\/v2\/pages\/2407\/revisions"}],"predecessor-version":[{"id":2465,"href":"https:\/\/fondationfap.ch\/en\/wp-json\/wp\/v2\/pages\/2407\/revisions\/2465"}],"up":[{"embeddable":true,"href":"https:\/\/fondationfap.ch\/en\/wp-json\/wp\/v2\/pages\/2048"}],"wp:featuredmedia":[{"embeddable":true,"href":"https:\/\/fondationfap.ch\/en\/wp-json\/wp\/v2\/media\/2416"}],"wp:attachment":[{"href":"https:\/\/fondationfap.ch\/en\/wp-json\/wp\/v2\/media?parent=2407"}],"curies":[{"name":"wp","href":"https:\/\/api.w.org\/{rel}","templated":true}]}}