{"id":2032,"date":"2024-11-25T13:49:27","date_gmt":"2024-11-25T12:49:27","guid":{"rendered":"https:\/\/fondationfap.ch\/?page_id=2032"},"modified":"2026-03-22T15:34:28","modified_gmt":"2026-03-22T14:34:28","slug":"gouvernance","status":"publish","type":"page","link":"https:\/\/fondationfap.ch\/en\/qui-sommes-nous\/gouvernance\/","title":{"rendered":"Gouvernance"},"content":{"rendered":"<p>[et_pb_section fb_built=&#8221;1&#8243; _builder_version=&#8221;4.19.5&#8243; _module_preset=&#8221;default&#8221; global_colors_info=&#8221;{}&#8221;][et_pb_row _builder_version=&#8221;4.19.5&#8243; _module_preset=&#8221;default&#8221; global_colors_info=&#8221;{}&#8221;][et_pb_column type=&#8221;4_4&#8243; _builder_version=&#8221;4.19.5&#8243; _module_preset=&#8221;default&#8221; global_colors_info=&#8221;{}&#8221;][et_pb_text _builder_version=&#8221;4.19.5&#8243; _module_preset=&#8221;default&#8221; content_en_us=&#8221;<\/p>\n<h1 style=%22font-weight: 400;%22><strong><span style=%22color: #993300;%22>Gouvernance<\/span><\/strong><\/h1>\n<p style=%22font-weight: 400;%22>FAP is governed by a Board of Trustees that represents the Foundation and sets its general policy and the allocation of grants.<\/p>\n<p style=%22font-weight: 400;%22>The Board members come from various countries and are selected based on their expertise, experience, and membership in a Reformed church.<\/p>\n<p style=%22font-weight: 400;%22>A secretariat supports the Board by managing relations with applicants and beneficiaries, presenting projects for review, monitoring progress, and handling all administrative tasks.<\/p>\n<p>&#8221; global_colors_info=&#8221;{}&#8221;]<\/p>\n<h1 style=\"font-weight: 400;\"><span style=\"color: #a8172d;\"><strong>Gouvernance<\/strong><\/span><\/h1>\n<p style=\"font-weight: 400;\">La FAP est administr\u00e9e par un Conseil de Fondation qui la repr\u00e9sente et d\u00e9cide de sa politique g\u00e9n\u00e9rale et de l\u2019allocation des subventions.<\/p>\n<p style=\"font-weight: 400;\">Les membres du Conseil proviennent de plusieurs pays. Ils sont choisis en fonction de leurs comp\u00e9tences, de leur exp\u00e9rience et de leur appartenance \u00e0 une \u00c9glise r\u00e9form\u00e9e.<\/p>\n<p style=\"font-weight: 400;\">Le Conseil peut compter sur l\u2019aide d\u2019un secr\u00e9tariat qui assure les relations avec les demandeurs et b\u00e9n\u00e9ficiaires, la pr\u00e9sentation des projets au Conseil, leur suivi, et toutes les questions administratives.<\/p>\n<p>[\/et_pb_text][et_pb_divider color=&#8221;#000000&#8243; _builder_version=&#8221;4.19.5&#8243; _module_preset=&#8221;default&#8221; global_colors_info=&#8221;{}&#8221;][\/et_pb_divider][\/et_pb_column][\/et_pb_row][et_pb_row column_structure=&#8221;1_2,1_2&#8243; _builder_version=&#8221;4.19.5&#8243; _module_preset=&#8221;default&#8221; global_colors_info=&#8221;{}&#8221;][et_pb_column type=&#8221;1_2&#8243; _builder_version=&#8221;4.19.5&#8243; _module_preset=&#8221;default&#8221; global_colors_info=&#8221;{}&#8221;][et_pb_text _builder_version=&#8221;4.19.5&#8243; _module_preset=&#8221;default&#8221; content_en_us=&#8221;<\/p>\n<h3 style=%22font-weight: 400;%22><strong><span style=%22color: #993300;%22>Presidents<\/span><\/strong><\/h3>\n<p style=%22font-weight: 400;%22><strong>Since its creation, the presidency has been held by:<\/strong><br \/><strong><\/strong><\/p>\n<p style=%22font-weight: 400;%22><strong><\/strong><\/p>\n<ul>\n<li><strong>Dr Edmond Perret<\/strong> (1979-1992), general secretary of the World Alliance of Reformed Churches (WARC)<\/li>\n<li><strong>Jacques Stewart<\/strong> (1993-2002), president of the French Protestant Federation (FPF)<\/li>\n<li><strong>Hans Schmocker<\/strong> (2002-2005), finance secretary of the Conference of European Churches (CEC)<\/li>\n<li><strong>Sibylle Klumpp<\/strong> (2006-2013), president of the Council of the United Protestant Church in the PACCA region<\/li>\n<li><strong>Dr Odair Pedroso Mateus<\/strong> (2013-2017), director of the WCC Faith and Order Commission, and Professor at the Ecumenical Institute of Bossey<\/li>\n<li><strong>Silvia Ill-Kempkes<\/strong> (2017-2023), Toulon<\/li>\n<li>Since 2023: Serge Fornerod, director of External Relations at the Federation of Swiss Protestant Churches (FSPC) \/ Protestant Church of Switzerland (PCS)<\/li>\n<\/ul>\n<p>&#8221; global_colors_info=&#8221;{}&#8221;]<\/p>\n<h3 style=\"font-weight: 400;\"><span style=\"color: #993300;\"><strong>Pr\u00e9sidents<\/strong><\/span><\/h3>\n<p style=\"font-weight: 400;\"><strong>Depuis la cr\u00e9ation sa pr\u00e9sidence a \u00e9t\u00e9 assur\u00e9e par :<\/strong><\/p>\n<ul>\n<li><strong>Edmond Perret<\/strong>, pasteur (1979-1992)<br \/>Secr\u00e9taire g\u00e9n\u00e9ral<span style=\"text-decoration: line-through;\">e<\/span> de l\u2019Alliance Reform\u00e9e Mondiale ARM,<\/li>\n<li><strong>Jacques Stewart<\/strong>, pasteur (1993 \u2013 2002)<br \/>Pr\u00e9sident de la F\u00e9d\u00e9ration Protestante de France FPF<\/li>\n<li><strong>Hans Schmocker<\/strong> (2002 \u2013 2005)<br \/>Secr\u00e9taire aux finances de la Conference des Eglises Europ\u00e9ennes CEC<\/li>\n<li><strong>Sibylle Klumpp<\/strong>, pasteure \u00e0 Avignon (2006 \u2013 2013)<\/li>\n<li><strong>Odair Pedroso Mateus<\/strong>, pasteur, (2013 \u2013 2017)<br \/>Directeur de la Commission Foi et Constitution du COE et professeur \u00e0 l\u2019institut \u0153cum\u00e9nique de Bossey (jusq&#8217;en 2022)<\/li>\n<li><strong>Silvia\u00a0Ill-Kempkes<\/strong>, pasteure \u00e0 Toulon (2017 \u2013 2023)<\/li>\n<li><span style=\"font-weight: 400;\">Depuis 2023 : <strong>Serge Fornerod<\/strong>, <\/span><span style=\"font-weight: 400;\">pasteur<br \/>Directeur des relations ext\u00e9rieures de la F\u00e9d\u00e9ration des \u00c9glises protestantes de Suisse FEPS\/ \u00c9glise \u00c9vang\u00e9lique Reform\u00e9e de Suisse EERS (jusqu&#8217;en 2023)<\/span><\/li>\n<\/ul>\n<p>[\/et_pb_text][\/et_pb_column][et_pb_column type=&#8221;1_2&#8243; _builder_version=&#8221;4.19.5&#8243; _module_preset=&#8221;default&#8221; global_colors_info=&#8221;{}&#8221;][et_pb_text _builder_version=&#8221;4.19.5&#8243; _module_preset=&#8221;default&#8221; custom_padding=&#8221;||0px|||&#8221; content_en_us=&#8221;<\/p>\n<h3><strong><span style=%22color: #993300;%22>Advisors<\/span><\/strong><\/h3>\n<p><strong>The following are currently serving:<\/strong><\/p>\n<p><strong><\/strong><\/p>\n<ul>\n<li><strong>Roberto Beltrami<\/strong>, reverend, Aubagne, La Ciotat\/Cassis\/Ceyreste<\/li>\n<li><strong>Katell Berthelot<\/strong>, professor, Aix en Provence<\/li>\n<li><strong>Serge Fornerod<\/strong>, reverend, Morat<\/li>\n<li><strong>Aymar Nkangou<\/strong>, reverend, Reims<\/li>\n<li><strong>Val\u00e9rie Nicolet<\/strong>, professor, Paris<\/li>\n<li><strong>Alexandre Poisson<\/strong>, banquier, Geneva<\/li>\n<li><strong>Gabrielle Rivier<\/strong>, translator, theologian, Geneva<\/li>\n<li><strong>Fr\u00e9d\u00e9rique Seidel<\/strong>, Senior Programme Executive, Geneva<\/li>\n<\/ul>\n<p>&#8221; global_colors_info=&#8221;{}&#8221;]<\/p>\n<h3 style=\"font-weight: 400;\"><span style=\"color: #993300;\"><strong>Conseillers<\/strong><\/span><\/h3>\n<p style=\"font-weight: 400;\"><strong>Sont en cours de mandat :<\/strong><\/p>\n<p style=\"font-weight: 400;\"><strong><\/strong><\/p>\n<ul>\n<li style=\"font-weight: 400;\"><strong>Roberto Beltrami<\/strong>, pasteur, Aubagne, La Ciotat\/Cassis\/Ceyreste<\/li>\n<li><strong>Katell Berthelot<\/strong>, professeure, Aix en Provence<\/li>\n<li><strong>Serge Fornerod<\/strong>, pasteur, Morat<\/li>\n<li><strong>Aymar Nkangou<\/strong>, pasteur, Reims<\/li>\n<li><strong>Val\u00e9rie Nicolet<\/strong>, professeure, Paris<\/li>\n<li><strong>Alexandre Poisson<\/strong>, banquier, Gen\u00e8ve<\/li>\n<li><strong>Gabrielle Rivier<\/strong>, traductrice, th\u00e9ologienne, Gen\u00e8ve<\/li>\n<li><strong>Fr\u00e9d\u00e9rique Seidel<\/strong>, Charg\u00e9e de programme, Gen\u00e8ve<\/li>\n<\/ul>\n<p>[\/et_pb_text][\/et_pb_column][\/et_pb_row][\/et_pb_section]<\/p>\n","protected":false},"excerpt":{"rendered":"<p>Gouvernance La FAP est administr\u00e9e par un Conseil de Fondation qui la repr\u00e9sente et d\u00e9cide de sa politique g\u00e9n\u00e9rale et de l\u2019allocation des subventions. Les membres du Conseil proviennent de plusieurs pays. Ils sont choisis en fonction de leurs comp\u00e9tences, de leur exp\u00e9rience et de leur appartenance \u00e0 une \u00c9glise r\u00e9form\u00e9e. Le Conseil peut compter [&hellip;]<\/p>\n","protected":false},"author":3,"featured_media":0,"parent":1572,"menu_order":0,"comment_status":"closed","ping_status":"closed","template":"","meta":{"_et_pb_use_builder":"on","_et_pb_old_content":"","_et_gb_content_width":""},"_links":{"self":[{"href":"https:\/\/fondationfap.ch\/en\/wp-json\/wp\/v2\/pages\/2032"}],"collection":[{"href":"https:\/\/fondationfap.ch\/en\/wp-json\/wp\/v2\/pages"}],"about":[{"href":"https:\/\/fondationfap.ch\/en\/wp-json\/wp\/v2\/types\/page"}],"author":[{"embeddable":true,"href":"https:\/\/fondationfap.ch\/en\/wp-json\/wp\/v2\/users\/3"}],"replies":[{"embeddable":true,"href":"https:\/\/fondationfap.ch\/en\/wp-json\/wp\/v2\/comments?post=2032"}],"version-history":[{"count":21,"href":"https:\/\/fondationfap.ch\/en\/wp-json\/wp\/v2\/pages\/2032\/revisions"}],"predecessor-version":[{"id":2535,"href":"https:\/\/fondationfap.ch\/en\/wp-json\/wp\/v2\/pages\/2032\/revisions\/2535"}],"up":[{"embeddable":true,"href":"https:\/\/fondationfap.ch\/en\/wp-json\/wp\/v2\/pages\/1572"}],"wp:attachment":[{"href":"https:\/\/fondationfap.ch\/en\/wp-json\/wp\/v2\/media?parent=2032"}],"curies":[{"name":"wp","href":"https:\/\/api.w.org\/{rel}","templated":true}]}}