{"id":2019,"date":"2024-11-25T13:32:17","date_gmt":"2024-11-25T12:32:17","guid":{"rendered":"https:\/\/fondationfap.ch\/?page_id=2019"},"modified":"2026-03-22T15:34:11","modified_gmt":"2026-03-22T14:34:11","slug":"la-fap-en-bref","status":"publish","type":"page","link":"https:\/\/fondationfap.ch\/en\/qui-sommes-nous\/la-fap-en-bref\/","title":{"rendered":"La FAP en bref"},"content":{"rendered":"\n[et_pb_section fb_built=&#8221;1&#8243; _builder_version=&#8221;4.19.5&#8243; _module_preset=&#8221;default&#8221; global_colors_info=&#8221;{}&#8221;][et_pb_row column_structure=&#8221;3_5,2_5&#8243; _builder_version=&#8221;4.19.5&#8243; _module_preset=&#8221;default&#8221; global_colors_info=&#8221;{}&#8221;][et_pb_column type=&#8221;3_5&#8243; _builder_version=&#8221;4.19.5&#8243; _module_preset=&#8221;default&#8221; global_colors_info=&#8221;{}&#8221;][et_pb_text _builder_version=&#8221;4.19.5&#8243; _module_preset=&#8221;default&#8221; content_en_us=&#8221;<h1><span style=%22color: #993300;%22><b>FAP at a glance<\/b><\/span><\/h1>\n<p style=%22font-weight: 400;%22>The Foundation for Aid to Reformed Protestantism (FAP) was established on 7 May 1979 through a generous donation. Rev. Dr Edmond Perret, general secretary of the World Alliance of Reformed Churches (WARC), now known as the World Communion of Reformed Churches (WCRC), was one of the first members of its Board. FAP is registered in the Commercial Register and is subject to oversight by the Swiss Federal Supervisory Authority for Foundations (FSAF). Its headquarters are located in Geneva, at the <span><a href=%22https:\/\/www.oikoumene.org\/%22>World Council of Churches (WCC)<\/a><\/span>.<\/p>\n<p style=%22font-weight: 400;%22>FAP has the resources required to fulfill its mission: addressing the needs expressed by Reformed churches worldwide and supporting the success of their projects. The Foundation is independent yet strongly connected to the churches and their institutions.<\/p>\n<p style=%22font-weight: 400;%22>The main beneficiaries of FAP are the member churches of the <span><a href=%22https:\/\/wcrc.eu\/%22>World Communion of Reformed Churches (WCRC)<\/a><\/span> and their institutions, as well as the Reformed member churches of the <span><a href=%22https:\/\/www.oikoumene.org\/%22>World Council of Churches (WCC)<\/a><\/span>. FAP works in close collaboration with these two organizations, as well as with agencies involved in inter-church aid, both within Switzerland and abroad. To date, FAP has supported over a thousand projects.<\/p>\n<p style=%22font-weight: 400;%22>Deeply rooted in Switzerland, where its headquarters are located, FAP is dedicated to promoting and supporting Reformed Protestantism, while also fostering ecumenical and international collaboration.<\/p>\n<p> <\/p>&#8221; global_colors_info=&#8221;{}&#8221;]<h1><span style=\"color: #a8172d;\"><strong>La FAP en bref<\/strong><\/span><\/h1>\n<p>La Fondation pour l\u2019aide au protestantisme r\u00e9form\u00e9, FAP, a \u00e9t\u00e9 cr\u00e9\u00e9e le 7 mai 1979 gr\u00e2ce \u00e0 une donation g\u00e9n\u00e9reuse. Le pasteur Edmond Perret, Secr\u00e9taire g\u00e9n\u00e9ral de l\u2019Alliance R\u00e9form\u00e9e Mondiale (ARM) (aujourd\u2019hui <a href=\"http:\/\/www.wcrc.ch\" target=\"_blank\" rel=\"noopener\">Communion Mondiale d\u2019Eglises r\u00e9form\u00e9es (CMER)<\/a> en est un des premiers membres du Conseil. La FAP est inscrite au registre du commerce et soumise \u00e0 l\u2019Autorit\u00e9 f\u00e9d\u00e9rale de surveillance des fondations AFS. Elle a son si\u00e8ge \u00e0 Gen\u00e8ve, au <span><a href=\"https:\/\/www.oikoumene.org\/fr\/index?set_language=fr\" target=\"_blank\" rel=\"noopener\">Conseil \u0152cum\u00e9nique des \u00c9glises (COE)<\/a><\/span>.<\/p>\n<p>La FAP se donne les moyens pour mettre en \u0153uvre sa mission : r\u00e9pondre aux besoins exprim\u00e9s par les \u00c9glises r\u00e9form\u00e9es dans le monde et les accompagner dans la r\u00e9ussite de leurs projets.\u00a0 La FAP est \u00e0 la fois ind\u00e9pendante et proche des \u00c9glises et de leurs institutions.<\/p>\n<p>Les b\u00e9n\u00e9ficiaires de la FAP sont principalement les \u00c9glises membres de la <span><a href=\"http:\/\/wcrc.ch\/fr\/\" target=\"_blank\" rel=\"noopener\">Communion Mondiale d\u2019\u00c9glises R\u00e9form\u00e9es (CMER)<\/a><\/span><u>,<\/u> leurs institutions ainsi que les \u00c9glises r\u00e9form\u00e9es membres du <span><a href=\"https:\/\/www.oikoumene.org\/fr\/index?set_language=fr\">Conseil \u0152cum\u00e9nique des \u00c9glises (COE)<\/a><\/span>. La FAP collabore \u00e9troitement avec ces deux institutions, ainsi qu\u2019avec des agences travaillant dans le domaine de l\u2019entraide entre \u00c9glises, en Suisse ou \u00e0 l\u2019\u00e9tranger. \u00c0 ce jour la FAP a soutenu plus de mille projets.<\/p>\n<p>Ancr\u00e9e en Suisse par ses racines et son si\u00e8ge, la FAP inscrit son action dans une perspective de promotion et soutien du protestantisme reform\u00e9 tout \u00e9tant \u00e0 la fois attentive aux collaborations \u0153cum\u00e9niques et internationales.<\/p>[\/et_pb_text][et_pb_cta title=&#8221;RAPPORT ANNUEL 2024&#8243; button_url=&#8221;https:\/\/fondationfap.ch\/wp-content\/uploads\/2025\/05\/V2-RA-2024-8-pages-FR.pdf&#8221; url_new_window=&#8221;on&#8221; button_text=&#8221;T\u00e9l\u00e9charger le PDF (\u22431.4 Mo)&#8221; _builder_version=&#8221;4.19.5&#8243; _module_preset=&#8221;default&#8221; link_option_url_new_window=&#8221;on&#8221; title_en_us=&#8221;ANNUAL REPORT 2024&#8243; button_url_en_us=&#8221;https:\/\/fondationfap.ch\/wp-content\/uploads\/2025\/06\/V2-RA-2024-8-pages-EN-20250625.pdf&#8221; button_text_en_us=&#8221;Download PDF (\u22431.4 Mo)&#8221; content_en_us=&#8221;<p>Download the 2024 annual report of the Foundation for Aid to Reformed Protestantism (FAP)<\/p>&#8221; global_colors_info=&#8221;{}&#8221;]<p>T\u00e9l\u00e9charger le rapport annuel 2024 de la Fondation pour l&#8217;aide au protestantisme r\u00e9form\u00e9 (FAP)<\/p>[\/et_pb_cta][et_pb_cta title=&#8221;RAPPORT ANNUEL 2023&#8243; button_url=&#8221;https:\/\/fondationfap.ch\/wp-content\/uploads\/2024\/11\/Rapport-Annuel-2023.pdf&#8221; url_new_window=&#8221;on&#8221; button_text=&#8221;T\u00e9l\u00e9charger le PDF (\u22433 Mo)&#8221; _builder_version=&#8221;4.19.5&#8243; _module_preset=&#8221;default&#8221; header_text_color=&#8221;#000000&#8243; body_text_color=&#8221;#000000&#8243; background_color=&#8221;#FFFFFF&#8221; custom_button=&#8221;on&#8221; button_text_color=&#8221;#A8172D&#8221; link_option_url_new_window=&#8221;on&#8221; title_en_us=&#8221;ANNUAL REPORT 2023&#8243; button_url_en_us=&#8221;https:\/\/fondationfap.ch\/wp-content\/uploads\/2024\/11\/Rapport-Annuel-2023.pdf&#8221; button_text_en_us=&#8221;Download PDF (\u22433 Mo)&#8221; content_en_us=&#8221;<p>Download the 2023 annual report of the Foundation for Aid to Reformed Protestantism (FAP)<\/p>&#8221; border_width_all=&#8221;3px&#8221; border_color_all=&#8221;#A8172D&#8221; border_style_all=&#8221;dotted&#8221; global_colors_info=&#8221;{}&#8221;]<p>T\u00e9l\u00e9charger le rapport annuel 2023 de la Fondation pour l&#8217;aide au protestantisme r\u00e9form\u00e9 (FAP)<\/p>[\/et_pb_cta][\/et_pb_column][et_pb_column type=&#8221;2_5&#8243; _builder_version=&#8221;4.19.5&#8243; _module_preset=&#8221;default&#8221; global_colors_info=&#8221;{}&#8221;][et_pb_image src=&#8221;https:\/\/fondationfap.ch\/wp-content\/uploads\/2020\/03\/FAP_40_COE2-1-scaled.jpeg&#8221; title_text=&#8221;FAP_40_COE2&#8243; _builder_version=&#8221;4.19.5&#8243; _module_preset=&#8221;default&#8221; global_colors_info=&#8221;{}&#8221;][\/et_pb_image][et_pb_text _builder_version=&#8221;4.19.5&#8243; _module_preset=&#8221;default&#8221; content_en_us=&#8221;<p>ecumenical center &#8211; Geneva<\/p>&#8221; global_colors_info=&#8221;{}&#8221;]<h4>centre \u0153cum\u00e9nique &#8211; Gen\u00e8ve<\/h4>[\/et_pb_text][et_pb_divider color=&#8221;#000000&#8243; _builder_version=&#8221;4.19.5&#8243; _module_preset=&#8221;default&#8221; global_colors_info=&#8221;{}&#8221;][\/et_pb_divider][et_pb_image src=&#8221;https:\/\/fondationfap.ch\/wp-content\/uploads\/2020\/03\/FAP_40_Bossey1-1-scaled.jpeg&#8221; title_text=&#8221;FAP_40_Bossey1&#8243; _builder_version=&#8221;4.19.5&#8243; _module_preset=&#8221;default&#8221; global_colors_info=&#8221;{}&#8221;][\/et_pb_image][et_pb_text _builder_version=&#8221;4.19.5&#8243; _module_preset=&#8221;default&#8221; custom_padding=&#8221;||0px|||&#8221; content_en_us=&#8221;<h4>Bossey Ecumenical Institute<\/h4>&#8221; global_colors_info=&#8221;{}&#8221;]<h4>Institut \u0153cum\u00e9nique de Bossey<\/h4>[\/et_pb_text][\/et_pb_column][\/et_pb_row][\/et_pb_section]\n","protected":false},"excerpt":{"rendered":"<p>La FAP en bref La Fondation pour l\u2019aide au protestantisme r\u00e9form\u00e9, FAP, a \u00e9t\u00e9 cr\u00e9\u00e9e le 7 mai 1979 gr\u00e2ce \u00e0 une donation g\u00e9n\u00e9reuse. Le pasteur Edmond Perret, Secr\u00e9taire g\u00e9n\u00e9ral de l\u2019Alliance R\u00e9form\u00e9e Mondiale (ARM) (aujourd\u2019hui Communion Mondiale d\u2019Eglises r\u00e9form\u00e9es (CMER) en est un des premiers membres du Conseil. La FAP est inscrite au registre [&hellip;]<\/p>\n","protected":false},"author":3,"featured_media":0,"parent":1572,"menu_order":0,"comment_status":"closed","ping_status":"closed","template":"","meta":{"_et_pb_use_builder":"on","_et_pb_old_content":"","_et_gb_content_width":""},"_links":{"self":[{"href":"https:\/\/fondationfap.ch\/en\/wp-json\/wp\/v2\/pages\/2019"}],"collection":[{"href":"https:\/\/fondationfap.ch\/en\/wp-json\/wp\/v2\/pages"}],"about":[{"href":"https:\/\/fondationfap.ch\/en\/wp-json\/wp\/v2\/types\/page"}],"author":[{"embeddable":true,"href":"https:\/\/fondationfap.ch\/en\/wp-json\/wp\/v2\/users\/3"}],"replies":[{"embeddable":true,"href":"https:\/\/fondationfap.ch\/en\/wp-json\/wp\/v2\/comments?post=2019"}],"version-history":[{"count":24,"href":"https:\/\/fondationfap.ch\/en\/wp-json\/wp\/v2\/pages\/2019\/revisions"}],"predecessor-version":[{"id":2705,"href":"https:\/\/fondationfap.ch\/en\/wp-json\/wp\/v2\/pages\/2019\/revisions\/2705"}],"up":[{"embeddable":true,"href":"https:\/\/fondationfap.ch\/en\/wp-json\/wp\/v2\/pages\/1572"}],"wp:attachment":[{"href":"https:\/\/fondationfap.ch\/en\/wp-json\/wp\/v2\/media?parent=2019"}],"curies":[{"name":"wp","href":"https:\/\/api.w.org\/{rel}","templated":true}]}}