{"id":1573,"date":"2023-11-28T13:02:27","date_gmt":"2023-11-28T12:02:27","guid":{"rendered":"http:\/\/fapreforme.org\/?page_id=1573"},"modified":"2026-03-22T15:33:28","modified_gmt":"2026-03-22T14:33:28","slug":"financement","status":"publish","type":"page","link":"https:\/\/fondationfap.ch\/en\/que-faisons-nous\/financement\/","title":{"rendered":"Financement"},"content":{"rendered":"<p>[et_pb_section fb_built=&#8221;1&#8243; fullwidth=&#8221;on&#8221; admin_label=&#8221;Section&#8221; _builder_version=&#8221;4.16&#8243; background_image=&#8221;https:\/\/dev.fapreforme.org\/wp-content\/uploads\/2020\/02\/sandra-seitamaa-7-3cGWyQlV0-unsplash-scaled.jpg&#8221; parallax=&#8221;on&#8221; parallax_method=&#8221;off&#8221; custom_padding=&#8221;0px|0px|0px|0px&#8221; global_colors_info=&#8221;{}&#8221;][\/et_pb_section][et_pb_section fb_built=&#8221;1&#8243; admin_label=&#8221;section&#8221; module_id=&#8221;projets&#8221; _builder_version=&#8221;4.19.5&#8243; custom_margin=&#8221;8px|||||&#8221; custom_padding=&#8221;0px|0px|0px|0px||&#8221; transparent_background=&#8221;off&#8221; make_fullwidth=&#8221;off&#8221; use_custom_width=&#8221;off&#8221; width_unit=&#8221;off&#8221; custom_width_px=&#8221;1080px&#8221; custom_width_percent=&#8221;80%&#8221; global_colors_info=&#8221;{}&#8221;][et_pb_row custom_padding_last_edited=&#8221;on|desktop&#8221; admin_label=&#8221;row&#8221; _builder_version=&#8221;4.16&#8243; background_size=&#8221;initial&#8221; background_position=&#8221;top_left&#8221; background_repeat=&#8221;repeat&#8221; custom_margin=&#8221;-86px|auto||auto||&#8221; custom_padding=&#8221;9px|0px|0px|0px||&#8221; custom_padding_tablet=&#8221;&#8221; custom_padding_phone=&#8221;&#8221; make_fullwidth=&#8221;off&#8221; use_custom_width=&#8221;on&#8221; width_unit=&#8221;on&#8221; custom_width_px=&#8221;1080px&#8221; custom_width_percent=&#8221;80%&#8221; global_colors_info=&#8221;{}&#8221;][et_pb_column type=&#8221;4_4&#8243; _builder_version=&#8221;4.16&#8243; custom_padding=&#8221;|||&#8221; global_colors_info=&#8221;{}&#8221; custom_padding__hover=&#8221;|||&#8221;][et_pb_text disabled_on=&#8221;off|off|off&#8221; admin_label=&#8221;Text&#8221; _builder_version=&#8221;4.16&#8243; header_2_font=&#8221;|700|||||||&#8221; header_2_text_color=&#8221;#a8172d&#8221; header_2_font_size=&#8221;30px&#8221; background_size=&#8221;initial&#8221; background_position=&#8221;top_left&#8221; background_repeat=&#8221;repeat&#8221; max_width=&#8221;100%&#8221; module_alignment=&#8221;left&#8221; custom_margin=&#8221;3px||-63px|0px|false|false&#8221; custom_margin_tablet=&#8221;&#8221; custom_margin_phone=&#8221;|||0px&#8221; custom_margin_last_edited=&#8221;on|phone&#8221; custom_padding=&#8221;0px||0px|||&#8221; use_border_color=&#8221;off&#8221; border_style=&#8221;solid&#8221; global_colors_info=&#8221;{}&#8221;]<\/p>\n<h2>Financement des projets<\/h2>\n<p>&nbsp;<\/p>\n<p style=\"text-align: justify;\"><span style=\"color: #000000;\">La FAP finance un projet lorsqu\u2019il est en ad\u00e9quation avec la mission que la Fondation s\u2019est fix\u00e9e, quand l\u2019objectif du projet est pertinent et son b\u00e9n\u00e9fice \u00e9vident. La FAP veille aussi au soutien que cette demande re\u00e7oit d\u2019autres organismes avec lesquels elle entretient des contacts \u00e9troits. En effet, la FAP refuse d\u2019\u00eatre seule source de financement, consid\u00e9rant que l\u2019engagement d\u2019autres organismes confirme l\u2019importance d\u2019un projet et assure qu\u2019il a toutes les chances d\u2019\u00eatre ex\u00e9cut\u00e9 et contr\u00f4l\u00e9 correctement. La FAP soutient des projets tr\u00e8s divers &#8211; cela va de la r\u00e9novation d&#8217;un temple \u00e0 la bourse d&#8217;\u00e9tude individuelle, en passant par des programmes de soutien pour des enfants vivant dans les rues, des programmes de pr\u00e9vention du SIDA, des aides salariales ponctuelles pour des ministres.\u00a0<span style=\"font-size: 14px;\">Le soutien de la FAP est bien plus qu&#8217;un dossier administratif, ce sont les histoires de vie de femmes et d&#8217;hommes, d&#8217;enfants.\u00a0<\/span><\/span><span style=\"font-size: 14px;\"><span style=\"color: #000000;\">La FAP \u00e9value et classe les projets qu&#8217;elle finance selon deux crit\u00e8res, <\/span><span style=\"color: #a8172d;\">Domaines<\/span> <span style=\"color: #000000;\">et <\/span><span style=\"color: #a8172d;\">R\u00e9gions<\/span> <span style=\"color: #000000;\">(voir l&#8217;explication de ces termes ci-apr\u00e8s). Les donn\u00e9es statistiques pr\u00e9sent\u00e9es couvrent l&#8217;<\/span><\/span><span style=\"color: #000000;\">activit\u00e9 de la FAP \u00e0 partir de sa cr\u00e9ation jusqu&#8217;\u00e0 2023.<\/span><\/p>\n<p>&nbsp;<\/p>\n<p>&nbsp;<\/p>\n<p>[\/et_pb_text][\/et_pb_column][\/et_pb_row][et_pb_row column_structure=&#8221;1_2,1_2&#8243; _builder_version=&#8221;4.16&#8243; custom_padding=&#8221;||9px|||&#8221; global_colors_info=&#8221;{}&#8221;][et_pb_column type=&#8221;1_2&#8243; _builder_version=&#8221;4.16&#8243; global_colors_info=&#8221;{}&#8221;][et_pb_text _builder_version=&#8221;4.16&#8243; header_2_font=&#8221;|600|||||||&#8221; header_2_text_color=&#8221;#a8172d&#8221; header_2_font_size=&#8221;22px&#8221; custom_margin=&#8221;-11px|||||&#8221; global_colors_info=&#8221;{}&#8221;]<\/p>\n<h2>Domaines<\/h2>\n<p style=\"text-align: justify;\"><span style=\"color: #000000;\">La FAP classe les projets selon sept crit\u00e8res. \u2009Cette classification repr\u00e9sente au mieux les divers besoins exprim\u00e9s par l\u2019ensemble des communaut\u00e9s protestantes qui sollicitent l\u2019aide de la FAP.<\/span><\/p>\n<p>[\/et_pb_text][\/et_pb_column][et_pb_column type=&#8221;1_2&#8243; _builder_version=&#8221;4.16&#8243; global_colors_info=&#8221;{}&#8221;][et_pb_text _builder_version=&#8221;4.16&#8243; header_2_font=&#8221;|600|||||||&#8221; header_2_text_align=&#8221;left&#8221; header_2_text_color=&#8221;#a8172d&#8221; header_2_font_size=&#8221;22px&#8221; custom_margin=&#8221;-10px|||||&#8221; custom_padding=&#8221;||0px|||&#8221; global_colors_info=&#8221;{}&#8221;]<\/p>\n<h2>Provenance g\u00e9ographique<\/h2>\n<p style=\"text-align: justify;\"><span style=\"color: #000000;\">La FAP tient compte aussi de la provenance g\u00e9ographique, c\u2019est-\u00e0-dire des pays d&#8217;o\u00f9 proviennent les demandes de financement. La FAP a \u00e9tablit pour ce classement 9 r\u00e9gions g\u00e9ographiques.<\/span><\/p>\n<p>[\/et_pb_text][\/et_pb_column][\/et_pb_row][et_pb_row column_structure=&#8221;1_4,1_4,1_4,1_4&#8243; use_custom_gutter=&#8221;on&#8221; gutter_width=&#8221;2&#8243; make_equal=&#8221;on&#8221; _builder_version=&#8221;4.16&#8243; global_colors_info=&#8221;{}&#8221;][et_pb_column type=&#8221;1_4&#8243; _builder_version=&#8221;4.16&#8243; global_colors_info=&#8221;{}&#8221;][et_pb_counters bar_bg_color=&#8221;#a8172d&#8221; _builder_version=&#8221;4.19.5&#8243; title_font_size=&#8221;12px&#8221; title_line_height=&#8221;2em&#8221; percent_text_color=&#8221;rgba(0,0,0,0)&#8221; percent_font_size=&#8221;14px&#8221; background_color=&#8221;#e0b24e&#8221; custom_margin=&#8221;22px||||false|false&#8221; custom_padding=&#8221;7px||||false|false&#8221; global_colors_info=&#8221;{}&#8221;][et_pb_counter percent=&#8221;100&#8243; _builder_version=&#8221;4.19.5&#8243; title_text_align=&#8221;center&#8221; title_text_color=&#8221;#a8172d&#8221; title_font_size=&#8221;15px&#8221; percent_font=&#8221;||||||||&#8221; percent_text_color=&#8221;#a8172d&#8221; global_colors_info=&#8221;{}&#8221; bar_background_color_default=&#8221;#a8172d&#8221; use_percentages=&#8221;on&#8221;]Nombre total de projets: 1071[\/et_pb_counter][et_pb_counter percent=&#8221;26&#8243; _builder_version=&#8221;4.19.5&#8243; global_colors_info=&#8221;{}&#8221; bar_background_color_default=&#8221;#a8172d&#8221; use_percentages=&#8221;on&#8221;]Bourses d&#8217;\u00e9tude : 280[\/et_pb_counter][et_pb_counter percent=&#8221;12&#8243; _builder_version=&#8221;4.19.5&#8243; global_colors_info=&#8221;{}&#8221; bar_background_color_default=&#8221;#a8172d&#8221; use_percentages=&#8221;on&#8221;]Diaconie : 132[\/et_pb_counter][et_pb_counter percent=&#8221;23&#8243; _builder_version=&#8221;4.19.5&#8243; global_colors_info=&#8221;{}&#8221; bar_background_color_default=&#8221;#a8172d&#8221; use_percentages=&#8221;on&#8221;]Formation : 243[\/et_pb_counter][et_pb_counter percent=&#8221;20&#8243; _builder_version=&#8221;4.19.5&#8243; global_colors_info=&#8221;{}&#8221; bar_background_color_default=&#8221;#a8172d&#8221; use_percentages=&#8221;on&#8221;]Infrastructures : 212[\/et_pb_counter][et_pb_counter percent=&#8221;2&#8243; _builder_version=&#8221;4.19.5&#8243; global_colors_info=&#8221;{}&#8221; bar_background_color_default=&#8221;#a8172d&#8221; use_percentages=&#8221;on&#8221;]Investissement humain : 23[\/et_pb_counter][et_pb_counter percent=&#8221;9&#8243; _builder_version=&#8221;4.19.5&#8243; global_colors_info=&#8221;{}&#8221; bar_background_color_default=&#8221;#a8172d&#8221; use_percentages=&#8221;on&#8221;]M\u00e9dia, expression r\u00e9form\u00e9e : 98[\/et_pb_counter][et_pb_counter percent=&#8221;8&#8243; _builder_version=&#8221;4.19.5&#8243; title_line_height=&#8221;1.5em&#8221; global_colors_info=&#8221;{}&#8221; bar_background_color_default=&#8221;#a8172d&#8221; use_percentages=&#8221;on&#8221;]Oecum\u00e9nisme, dialogue interreligieux : 83[\/et_pb_counter][\/et_pb_counters][\/et_pb_column][et_pb_column type=&#8221;1_4&#8243; _builder_version=&#8221;4.16&#8243; global_colors_info=&#8221;{}&#8221;][et_pb_text ul_type=&#8221;square&#8221; ul_item_indent=&#8221;12px&#8221; _builder_version=&#8221;4.16&#8243; header_font_size=&#8221;32px&#8221; header_2_font=&#8221;|600|||||||&#8221; header_2_text_color=&#8221;#a8172d&#8221; header_2_font_size=&#8221;25px&#8221; custom_margin=&#8221;17px||49px||false|false&#8221; animation_style=&#8221;zoom&#8221; global_colors_info=&#8221;{}&#8221;]<\/p>\n<h2>Domaines<\/h2>\n<ul>\n<li><span style=\"color: #000000;\">Bourse d\u2019\u00e9tude<\/span><\/li>\n<li><span style=\"color: #000000;\">Diaconie<\/span><\/li>\n<li><span style=\"color: #000000;\">Formation<\/span><\/li>\n<li><span style=\"color: #000000;\">Infrastructure<\/span><\/li>\n<li><span style=\"color: #000000;\">Investissement humain<\/span><\/li>\n<li><span style=\"color: #000000;\">M\u00e9dia, expression r\u00e9form\u00e9e<\/span><\/li>\n<li><span style=\"color: #000000;\">Oecum\u00e9nisme, dialogue interreligieux<\/span><\/li>\n<\/ul>\n<p>[\/et_pb_text][et_pb_number_counter title=&#8221;Nombre de projets trait\u00e9s&#8221; number=&#8221;1071&#8243; percent_sign=&#8221;off&#8221; _builder_version=&#8221;4.19.5&#8243; title_font=&#8221;|600|||||||&#8221; title_font_size=&#8221;16px&#8221; number_font=&#8221;|600|||||||&#8221; number_text_align=&#8221;center&#8221; number_text_color=&#8221;#a8172d&#8221; number_font_size=&#8221;34px&#8221; number_line_height=&#8221;100px&#8221; background_color=&#8221;#d6d6d6&#8243; transform_scale=&#8221;101%|101%&#8221; animation_style=&#8221;zoom&#8221; global_colors_info=&#8221;{}&#8221;][\/et_pb_number_counter][\/et_pb_column][et_pb_column type=&#8221;1_4&#8243; _builder_version=&#8221;4.16&#8243; global_colors_info=&#8221;{}&#8221;][et_pb_counters bar_bg_color=&#8221;#a8172d&#8221; _builder_version=&#8221;4.19.5&#8243; title_font_size=&#8221;13px&#8221; title_line_height=&#8221;2em&#8221; percent_text_color=&#8221;rgba(0,0,0,0)&#8221; percent_font_size=&#8221;14px&#8221; background_color=&#8221;#e0b24e&#8221; custom_margin=&#8221;18px||||false|false&#8221; custom_padding=&#8221;5px|||0px|false|false&#8221; global_colors_info=&#8221;{}&#8221;][et_pb_counter percent=&#8221;100&#8243; _builder_version=&#8221;4.19.5&#8243; title_text_align=&#8221;center&#8221; title_text_color=&#8221;#a8172d&#8221; title_font_size=&#8221;15px&#8221; title_line_height=&#8221;1.4em&#8221; global_colors_info=&#8221;{}&#8221; percent__hover_enabled=&#8221;off|desktop&#8221; bar_background_color_default=&#8221;#a8172d&#8221; use_percentages=&#8221;on&#8221;]Montant total distribu\u00e9 CHF 24&#8217;891&#8217;207[\/et_pb_counter][et_pb_counter percent=&#8221;22&#8243; _builder_version=&#8221;4.19.5&#8243; global_colors_info=&#8221;{}&#8221; bar_background_color_default=&#8221;#a8172d&#8221; use_percentages=&#8221;on&#8221;]Afrique : CHF 5&#8217;463&#8217;116[\/et_pb_counter][et_pb_counter percent=&#8221;4&#8243; _builder_version=&#8221;4.19.5&#8243; global_colors_info=&#8221;{}&#8221; bar_background_color_default=&#8221;#a8172d&#8221; use_percentages=&#8221;on&#8221;]Am\u00e9rique Centrale : CHF 1&#8217;019&#8217;655[\/et_pb_counter][et_pb_counter _builder_version=&#8221;4.19.5&#8243; global_colors_info=&#8221;{}&#8221; bar_background_color_default=&#8221;#a8172d&#8221; use_percentages=&#8221;on&#8221;]Am\u00e9rique du Nord : CHF 17&#8217;946[\/et_pb_counter][et_pb_counter percent=&#8221;15&#8243; _builder_version=&#8221;4.19.5&#8243; global_colors_info=&#8221;{}&#8221; bar_background_color_default=&#8221;#a8172d&#8221; use_percentages=&#8221;on&#8221;]Am\u00e9rique du Sud : CHF 3&#8217;732&#8217;558[\/et_pb_counter][et_pb_counter percent=&#8221;7&#8243; _builder_version=&#8221;4.19.5&#8243; global_colors_info=&#8221;{}&#8221; bar_background_color_default=&#8221;#a8172d&#8221; use_percentages=&#8221;on&#8221;]Asie : CHF 1&#8217;709&#8217;841[\/et_pb_counter][et_pb_counter percent=&#8221;4&#8243; _builder_version=&#8221;4.19.5&#8243; global_colors_info=&#8221;{}&#8221; bar_background_color_default=&#8221;#a8172d&#8221; use_percentages=&#8221;on&#8221;]Cara\u00efbe : CHF 1&#8217;047&#8217;108[\/et_pb_counter][et_pb_counter percent=&#8221;40&#8243; _builder_version=&#8221;4.19.5&#8243; global_colors_info=&#8221;{}&#8221; bar_background_color_default=&#8221;#a8172d&#8221; use_percentages=&#8221;on&#8221;]Europe : CHF 10026769[\/et_pb_counter][et_pb_counter percent=&#8221;6&#8243; _builder_version=&#8221;4.19.5&#8243; global_colors_info=&#8221;{}&#8221; bar_background_color_default=&#8221;#a8172d&#8221; use_percentages=&#8221;on&#8221;]Moyen Orient : CHF 1&#8217;508&#8217;081[\/et_pb_counter][et_pb_counter percent=&#8221;2&#8243; _builder_version=&#8221;4.19.5&#8243; global_colors_info=&#8221;{}&#8221; bar_background_color_default=&#8221;#a8172d&#8221; use_percentages=&#8221;on&#8221;]Oc\u00e9anie : CHF 306&#8217;133[\/et_pb_counter][\/et_pb_counters][\/et_pb_column][et_pb_column type=&#8221;1_4&#8243; _builder_version=&#8221;4.16&#8243; global_colors_info=&#8221;{}&#8221;][et_pb_text ul_type=&#8221;square&#8221; _builder_version=&#8221;4.16&#8243; header_2_font=&#8221;|600|||||||&#8221; header_2_text_color=&#8221;#a8172d&#8221; header_2_font_size=&#8221;25px&#8221; custom_margin=&#8221;17px||||false|false&#8221; global_colors_info=&#8221;{}&#8221;]<\/p>\n<h2>R\u00e9gions<\/h2>\n<ul>\n<li><span style=\"color: #000000;\">Afrique<\/span><\/li>\n<li><span style=\"color: #000000;\">Asie<\/span><\/li>\n<li><span style=\"color: #000000;\">Cara\u00efbe<\/span><\/li>\n<li><span style=\"color: #000000;\">Am\u00e9rique Centrale<\/span><\/li>\n<li><span style=\"color: #000000;\">Am\u00e9rique du Nord<\/span><\/li>\n<li><span style=\"color: #000000;\">Am\u00e9rique du Sud<\/span><\/li>\n<li><span style=\"color: #000000;\">Europe<\/span><\/li>\n<li><span style=\"color: #000000;\">Moyen-Orient<\/span><\/li>\n<li><span style=\"color: #000000;\">Oc\u00e9anie<\/span><\/li>\n<\/ul>\n<p>[\/et_pb_text][et_pb_number_counter title=&#8221;Montant distribu\u00e9 en CHF&#8221; number=&#8221;24.891.207&#8243; percent_sign=&#8221;off&#8221; _builder_version=&#8221;4.19.5&#8243; title_font=&#8221;|600|||||||&#8221; title_font_size=&#8221;16px&#8221; number_font=&#8221;|600|||||||&#8221; number_text_color=&#8221;#a8172d&#8221; number_font_size=&#8221;34px&#8221; number_line_height=&#8221;100px&#8221; background_color=&#8221;#d6d6d6&#8243; animation_style=&#8221;zoom&#8221; global_colors_info=&#8221;{}&#8221;][\/et_pb_number_counter][\/et_pb_column][\/et_pb_row][\/et_pb_section]<\/p>\n","protected":false},"excerpt":{"rendered":"<p>Financement des projets &nbsp; La FAP finance un projet lorsqu\u2019il est en ad\u00e9quation avec la mission que la Fondation s\u2019est fix\u00e9e, quand l\u2019objectif du projet est pertinent et son b\u00e9n\u00e9fice \u00e9vident. La FAP veille aussi au soutien que cette demande re\u00e7oit d\u2019autres organismes avec lesquels elle entretient des contacts \u00e9troits. En effet, la FAP refuse [&hellip;]<\/p>\n","protected":false},"author":2,"featured_media":0,"parent":2048,"menu_order":0,"comment_status":"closed","ping_status":"closed","template":"","meta":{"_et_pb_use_builder":"on","_et_pb_old_content":"","_et_gb_content_width":""},"_links":{"self":[{"href":"https:\/\/fondationfap.ch\/en\/wp-json\/wp\/v2\/pages\/1573"}],"collection":[{"href":"https:\/\/fondationfap.ch\/en\/wp-json\/wp\/v2\/pages"}],"about":[{"href":"https:\/\/fondationfap.ch\/en\/wp-json\/wp\/v2\/types\/page"}],"author":[{"embeddable":true,"href":"https:\/\/fondationfap.ch\/en\/wp-json\/wp\/v2\/users\/2"}],"replies":[{"embeddable":true,"href":"https:\/\/fondationfap.ch\/en\/wp-json\/wp\/v2\/comments?post=1573"}],"version-history":[{"count":12,"href":"https:\/\/fondationfap.ch\/en\/wp-json\/wp\/v2\/pages\/1573\/revisions"}],"predecessor-version":[{"id":1828,"href":"https:\/\/fondationfap.ch\/en\/wp-json\/wp\/v2\/pages\/1573\/revisions\/1828"}],"up":[{"embeddable":true,"href":"https:\/\/fondationfap.ch\/en\/wp-json\/wp\/v2\/pages\/2048"}],"wp:attachment":[{"href":"https:\/\/fondationfap.ch\/en\/wp-json\/wp\/v2\/media?parent=1573"}],"curies":[{"name":"wp","href":"https:\/\/api.w.org\/{rel}","templated":true}]}}