{"id":1571,"date":"2023-02-09T17:08:15","date_gmt":"2023-02-09T16:08:15","guid":{"rendered":"http:\/\/fapreforme.org\/?page_id=1571"},"modified":"2024-05-10T22:41:38","modified_gmt":"2024-05-10T20:41:38","slug":"actualites","status":"publish","type":"page","link":"https:\/\/fondationfap.ch\/en\/news\/","title":{"rendered":"News"},"content":{"rendered":"<p>[et_pb_section fb_built=&#8221;1&#8243; admin_label=&#8221;section&#8221; module_id=&#8221;actualit\u00e9s&#8221; _builder_version=&#8221;4.19.5&#8243; custom_margin=&#8221;24px||65px|||&#8221; custom_padding=&#8221;5px||16px|||&#8221; width_unit=&#8221;off&#8221; global_colors_info=&#8221;{}&#8221; hover_enabled=&#8221;0&#8243; sticky_enabled=&#8221;0&#8243;][et_pb_row admin_label=&#8221;row&#8221; _builder_version=&#8221;4.19.5&#8243; custom_margin=&#8221;29px|auto||auto||&#8221; make_fullwidth=&#8221;off&#8221; use_custom_width=&#8221;on&#8221; width_unit=&#8221;on&#8221; custom_width_px=&#8221;1080px&#8221; custom_width_percent=&#8221;80%&#8221; global_colors_info=&#8221;{}&#8221;][et_pb_column type=&#8221;4_4&#8243; _builder_version=&#8221;4.16&#8243; background_color=&#8221;#ffffff&#8221; custom_padding=&#8221;|||&#8221; global_colors_info=&#8221;{}&#8221; custom_padding__hover=&#8221;|||&#8221;][et_pb_text _builder_version=&#8221;4.19.5&#8243; global_colors_info=&#8221;{}&#8221;]<\/p>\n<h3 style=\"text-align: justify;\"><\/h3>\n<p><span style=\"color: #a8172d; font-size: xx-large;\"><strong>Bienvenue \u00e0 la FAP\u00a0!<\/strong><\/span><\/p>\n<p><span style=\"font-size: x-large; color: #a8172d;\"><strong>\u00ab Agissez en tout avec amour \u00bb<\/strong><\/span><\/p>\n<p>(1 Corinthiens, 16:14)<\/p>\n<p>Tel est le verset de l\u2019ann\u00e9e 2024. Il se trouve dans les derni\u00e8res lignes, comme la derni\u00e8re recommandation de Paul \u00e0 la communaut\u00e9 de Corinthe. Comme une sorte de r\u00e9sum\u00e9 de toute sa lettre.<\/p>\n<p>\u00ab\u00a0Agir avec amour\u00a0\u00bb\u00a0: une \u00e9vidence\u00a0pour tout chr\u00e9tien ? Une banalit\u00e9\u00a0? Vraiment\u00a0?<\/p>\n<p>Et pourtant impossible \u00e0 r\u00e9aliser enti\u00e8rement. Paul lui-m\u00eame et sa relation avec la paroisse de Corinthe en sont l\u2019illustration, puisque dans cette lettre, il parle parfois tr\u00e8s durement \u00e0 sa paroisse. Quelques pages avant ce passage, Paul a tent\u00e9 une description de tout ce que recouvre l\u2019amour (Chap. 13), un texte que l\u2019on aime lire lors des mariages, lorsque tout va bien. Pourquoi cette insistance, sinon parce que la r\u00e9alit\u00e9 de notre action n\u2019est pas souvent en conformit\u00e9 ?<\/p>\n<p>L\u2019amour donn\u00e9, demand\u00e9 et revendiqu\u00e9 par le Christ n\u2019est pas sentimental, ni romantique. Il est d\u2019abord (aban)don de confiance et de transformation. L\u2019amour n\u2019est pas gratuit, il est exigent, aussi pour la personne ou la communaut\u00e9 qui le re\u00e7oit.\u00a0 Ce n\u2019est pas toujours \u00ab un cadeau \u00bb, comme on dit. L\u2019amour perturbe et convoque un changement chez l\u2019autre. Un autre regard, une autre action ou r\u00e9action.\u00a0<\/p>\n<p>C\u2019est peu dire que cela r\u00e9sonne bien avec la mission de la FAP\u00a0: soutenir les efforts d\u2019amour des uns et des autres. Renforcer la capacit\u00e9 d\u2019action des \u00c9glises r\u00e9form\u00e9es du monde entier. Requ\u00e9rir le changement, la transformation des comportements dans le monde par l\u2019action des t\u00e9moins de cet amour. Cela ne commence pas n\u00e9cessairement par ses ennemis, mais par son plus proche prochain\u00a0: soi-m\u00eame pour se former et d\u00e9velopper, sa communaut\u00e9 pour renforcer son action, sa voisine pauvre et isol\u00e9e, l\u2019enfant oubli\u00e9, l\u2019exclu, le malade, l\u2019environnement. L\u2019amour, dans le domaine public, cela s\u2019appelle la justice. C\u2019est \u00e0 cela que s\u2019engage la FAP, cette ann\u00e9e encore, en appui aux communaut\u00e9s locales.<\/p>\n<p>&nbsp;<\/p>\n<p>&nbsp;<\/p>\n<p><span style=\"color: #a8172d;\"><strong>Serge Fornerod, pasteur<\/strong><\/span><\/p>\n<p><span style=\"color: #a8172d;\">President<\/span><\/p>\n<h3><\/h3>\n<h3><\/h3>\n<p style=\"text-align: justify;\">\n<p>[\/et_pb_text][\/et_pb_column][\/et_pb_row][et_pb_row column_structure=&#8221;1_2,1_2&#8243; admin_label=&#8221;row&#8221; _builder_version=&#8221;4.19.5&#8243; custom_margin=&#8221;-11px|auto|-11px|auto|true|&#8221; make_fullwidth=&#8221;off&#8221; use_custom_width=&#8221;on&#8221; width_unit=&#8221;on&#8221; custom_width_px=&#8221;1080px&#8221; custom_width_percent=&#8221;80%&#8221; global_colors_info=&#8221;{}&#8221;][et_pb_column type=&#8221;1_2&#8243; _builder_version=&#8221;4.16&#8243; background_color=&#8221;#ffffff&#8221; custom_padding=&#8221;|||&#8221; global_colors_info=&#8221;{}&#8221; custom_padding__hover=&#8221;|||&#8221;][et_pb_text _builder_version=&#8221;4.16&#8243; header_font=&#8221;|700|||||||&#8221; header_2_font=&#8221;|600|||||||&#8221; header_2_text_color=&#8221;#a8172d&#8221; header_2_font_size=&#8221;35px&#8221; header_3_font=&#8221;|600|||||||&#8221; header_3_text_color=&#8221;#a8172d&#8221; custom_margin=&#8221;-74px||41px||false|false&#8221; custom_padding=&#8221;88px||5px|||&#8221; global_colors_info=&#8221;{}&#8221;]<\/p>\n<h2>Actualit\u00e9s<\/h2>\n<h3>40e anniversaire de la FAP<\/h3>\n<p style=\"text-align: justify;\"><span style=\"color: #000000;\">Comme toute organisation, la vie de la FAP a \u00e9t\u00e9 jalonn\u00e9e d&#8217;\u00e9v\u00e8nements marquants. R\u00e9cemment, le 12 juin 2019, notre fondation a c\u00e9l\u00e9br\u00e9 son quaranti\u00e8me anniversaire. La c\u00e9r\u00e9monie officielle a eu lieu \u00e0 L&#8217;Institut \u0153cum\u00e9nique de Bossey, qui\u00a0est le centre de rencontres, de dialogue et de formation du Conseil \u0153cum\u00e9nique\u00a0des Eglises, accueille des \u00e9tudiants et des chercheurs du monde entier, qui y s\u00e9journent pour approfondir leurs \u00e9tudes universitaires, notamment dans les domaines de la th\u00e9ologie \u0153cum\u00e9nique, de la missiologie et de l&#8217;\u00e9thique sociale. Pour cette occasion la FAP a \u00e9dit\u00e9 une brochure qui contient, entre autre, le message de notre pr\u00e9sidente:<\/span><\/p>\n<p>[\/et_pb_text][et_pb_gallery gallery_ids=&#8221;1270,1278,1276,1269,1268,1266,1265,1380&#8243; posts_number=&#8221;8&#8243; show_title_and_caption=&#8221;off&#8221; show_pagination=&#8221;off&#8221; zoom_icon_color=&#8221;#a8172d&#8221; hover_overlay_color=&#8221;rgba(160,160,160,0.65)&#8221; hover_icon=&#8221;&#xe006;||divi||400&#8243; _builder_version=&#8221;4.16&#8243; caption_text_color=&#8221;#ffffff&#8221; background_color=&#8221;#ffffff&#8221; max_width=&#8221;100%&#8221; custom_padding=&#8221;0px|11px||0px|false|false&#8221; animation_style=&#8221;zoom&#8221; border_radii_image=&#8221;on|10px|10px|10px|10px&#8221; global_colors_info=&#8221;{}&#8221;][\/et_pb_gallery][\/et_pb_column][et_pb_column type=&#8221;1_2&#8243; _builder_version=&#8221;4.16&#8243; custom_padding=&#8221;0px||0px||false|false&#8221; global_colors_info=&#8221;{}&#8221; custom_padding__hover=&#8221;|||&#8221;][\/et_pb_column][\/et_pb_row][et_pb_row _builder_version=&#8221;4.16&#8243; custom_margin=&#8221;-21px|auto||auto||&#8221; global_colors_info=&#8221;{}&#8221;][et_pb_column type=&#8221;4_4&#8243; _builder_version=&#8221;4.16&#8243; global_colors_info=&#8221;{}&#8221;][et_pb_text _builder_version=&#8221;4.16&#8243; header_3_font=&#8221;|600|||||||&#8221; header_3_text_color=&#8221;#a8172d&#8221; header_4_font=&#8221;|600|||||||&#8221; header_4_text_color=&#8221;#a8172d&#8221; global_colors_info=&#8221;{}&#8221;]<\/p>\n<h3>La FAP hier, aujourd&#8217;hui&#8230;demain<\/h3>\n<h4><span>D\u2019un regard par-dessus <\/span><span>l\u2019\u00e9paule aux espoirs pour l\u2019avenir<\/span><\/h4>\n<p style=\"text-align: justify;\"><span style=\"color: #000000;\">En laissant l\u2019\u0153il et l\u2019esprit vagabonder parmi les proc\u00e8s-verbaux de s\u00e9ances, les titres des projets soutenus au cours de ces ann\u00e9es, le lecteur d\u2019aujourd\u2019hui per\u00e7oit des mouvements, des lignes qui bougent, une organisation qui se structure pour mieux s\u2019ouvrir.<\/span><\/p>\n<p style=\"text-align: justify;\"><span style=\"color: #000000;\">Fondation assez jeune pour que nous la voyions passer de trois \u00e0 neuf membres au fil des ans, accueillir des femmes en son sein d\u00e8s 1994, et d\u00e9cider de se faire accompagner par une secr\u00e9taire ex\u00e9cutive qui va assurer et professionnaliser le suivi des dossiers, mais aussi jouer le r\u00f4le de \u00ab\u2009basse continue\u2009\u00bb, de lien entre les membres sortants et ceux qui entrent au Conseil. Fondation assez install\u00e9e pour que nous puissions appr\u00e9cier dans quelle mesure ses activit\u00e9s sont li\u00e9es \u00e0 l\u2019actualit\u00e9 des ann\u00e9es qu\u2019elle traverse.<\/span><\/p>\n<p style=\"text-align: justify;\"><span style=\"color: #000000;\">A ses d\u00e9buts, la FAP, peu connue, cherche des projets \u00e0 soutenir. Puis, avec leur arriv\u00e9e spontan\u00e9e, gr\u00e2ce au bouche-\u00e0-oreille, se pose la question du choix\u2009: lesquels retenir et pour quelles raisons\u2009? De la lecture des proc\u00e8s-verbaux, percent des h\u00e9sitations, des discussions sur le principe du recours \u00e0 des \u00ab\u2009crit\u00e8res\u2009\u00bb. Le trio initial (th\u00e9ologien, juriste et haut fonctionnaire) met en balance l\u2019aide mais aussi la limitation de libert\u00e9 que peut repr\u00e9senter le respect de \u00ab\u2009crit\u00e8res\u2009\u00bb, m\u00eame si leur liste va na\u00eetre d\u2019une r\u00e9flexion et de d\u00e9cisions internes\u2009: c\u2019est en 1993 qu\u2019apparaissent les premi\u00e8res r\u00e9f\u00e9rences \u00e0 des \u00ab\u2009crit\u00e8res g\u00e9n\u00e9raux\u2009\u00bb. Au fil des ans, cette liste s\u2019affine, se pr\u00e9cise, pour en comporter sept aujourd\u2019hui, outil de travail appr\u00e9ci\u00e9 des membres du Conseil et de l\u2019actuelle et deuxi\u00e8me secr\u00e9taire ex\u00e9cutive, Agn\u00e8s Kr\u00fczsely.<\/span><\/p>\n<p style=\"text-align: justify;\"><span style=\"color: #000000;\">La consultation des titres des quelque mille projets re\u00e7us, permet plusieurs types de \u00ab\u2009promenades\u2009\u00bb, l\u2019une parmi les demandes mat\u00e9rielles, projets relativement constants \u00e0 travers les d\u00e9cennies (infrastructure, construction, r\u00e9fections d\u2019immeubles, etc.). Par contre, d\u2019autres titres entra\u00eenent le lecteur sur un chemin proche de l\u2019actualit\u00e9 internationale annonc\u00e9e \u00e0 certains, v\u00e9cue et subie par d\u2019autres, sur une sorte de chemin de halage qui longe des temps de crises, des \u00e9pid\u00e9mies, l\u2019\u00e9vocation de traditions dont chacun souhaiterait qu\u2019elles se modifient. Notre attention s\u2019accroche \u00e0 quelques th\u00e8mes clefs r\u00e9currents\u2009: SIDA, situation des femmes, transmission de connaissances\u2026<\/span><\/p>\n<p style=\"text-align: justify;\"><span style=\"color: #000000;\">En 2000, arrive un premier projet li\u00e9 au SIDA, suivi de nombreux autres, essentiellement de formation de pasteurs et de diacres, de campagnes de pr\u00e9vention des populations \u00e0 risque. Parmi d\u2019autres dossiers qui ressortent de la diaconie, nous en accueillons une quarantaine dont la mise en \u0153uvre a pour but de d\u00e9fendre la place des femmes\u2009: les aider \u00e0 se faire respecter, leur donner la force de faire accepter leurs capacit\u00e9s \u00e0 r\u00e9fl\u00e9chir, \u00e0 penser leur vie, \u00e0 enseigner leurs enfants, \u00e0 mobiliser leur entourage, \u00e0 \u00eatre prises en compte\u2009; mais aussi la force de faire respecter leur corps. De nombreux projets concernent les enfants\u2009: action de r\u00e9paration (\u00e0 la suite de la perte des parents, de violences subies), mais aussi de pr\u00e9vention (de leur sant\u00e9 physique et psychique), de pr\u00e9paration et d\u2019accompagnement d\u2019une vie scolaire plus efficace. Et, depuis peu, quelques projets destin\u00e9s aux a\u00een\u00e9s.<\/span><\/p>\n<p style=\"text-align: justify;\"><span style=\"color: #000000;\">Demandes de bourses\u2009: pour une formation de premier cycle, une bourse va d\u2019abord marquer, changer la vie du candidat \u2014 jusqu\u2019au jour o\u00f9 il, o\u00f9 elle, exercera une activit\u00e9 professionnelle. Lorsqu\u2019une bourse finance une formation de deuxi\u00e8me cycle, tout ou partie d\u2019une recherche, elle met en mouvement une transmission de connaissances \u00ab\u2009en cascade\u2009\u00bb dont le nombre de b\u00e9n\u00e9ficiaires s\u2019\u00e9largit \u00e0 partir de la demande initiale.<\/span><\/p>\n<p style=\"text-align: justify;\"><span style=\"color: #000000;\">Ces ann\u00e9es sont aussi \u00e9clair\u00e9es par des projets ponctuels li\u00e9s de pr\u00e8s \u00e0 l\u2019actualit\u00e9 d\u2019une (seule) p\u00e9riode\u2009: la FAP joue ainsi un r\u00f4le important dans la r\u00e9solution de conflits et la r\u00e9conciliation, au Rwanda par exemple, comme nous le rappelle Silvia Adoue Renfer, premi\u00e8re secr\u00e9taire ex\u00e9cutive de la FAP, de 1991 \u00e0 2012.<\/span><\/p>\n<p style=\"text-align: justify;\"><span style=\"color: #000000;\">L\u2019entr\u00e9e dans le XXIe si\u00e8cle est l\u2019occasion d\u2019un concours de projets destin\u00e9s \u00e0 la formation des jeunes g\u00e9n\u00e9rations\u2009; 2007 propose une rencontre pour c\u00e9l\u00e9brer les 200 ans de l\u2019abolition du commerce transatlantique d\u2019esclaves\u2009; l\u2019ann\u00e9e Calvin 2009 permet de r\u00e9pondre \u00e0 un projet\u00a0\u2013\u00a0achev\u00e9 dix ans plus tard\u00a0\u2013\u00a0de traduction de \u00ab\u2009L\u2019Institution de la religion chr\u00e9tienne\u2009\u00bb, de Calvin, en langue arabe.<\/span><\/p>\n<p style=\"text-align: justify;\"><span style=\"color: #000000;\">Une majorit\u00e9 de ces projets, qu\u2019ils soient li\u00e9s \u00e0 des formations dipl\u00f4mantes, qu\u2019ils ressortent de la diaconie, du dialogue interreligieux, sont parcourus par la pr\u00e9occupation de la formation, par une projection vers l\u2019avenir. Souhaitons que la FAP, avec les membres de son Conseil de fondation, gr\u00e2ce au r\u00e9seau de personnes relais construit au fil des ann\u00e9es, puisse poursuivre son activit\u00e9 et, gr\u00e2ce \u00e0 celles et ceux qui s\u2019adressent \u00e0 elle, rester sur le qui-vive, prompte \u00e0 chercher comment aller plus loin, comment compenser, pr\u00e9venir, accueillir ce que l\u2019actualit\u00e9 lui impose.<\/span><\/p>\n<p><span style=\"color: #a8172d;\"><strong>Raymonde Wagner, ancienn membre du conseil<\/strong><\/span><\/p>\n<p>&nbsp;<\/p>\n<p>[\/et_pb_text][\/et_pb_column][\/et_pb_row][\/et_pb_section][et_pb_section fb_built=&#8221;1&#8243; admin_label=&#8221;section&#8221; module_id=&#8221;contact&#8221; _builder_version=&#8221;4.16&#8243; custom_margin=&#8221;20px|||||&#8221; custom_padding=&#8221;8px|0px|0px|0px||&#8221; link_option_url=&#8221;#contact&#8221; transparent_background=&#8221;off&#8221; make_fullwidth=&#8221;off&#8221; use_custom_width=&#8221;off&#8221; width_unit=&#8221;off&#8221; custom_width_px=&#8221;1080px&#8221; custom_width_percent=&#8221;80%&#8221; global_colors_info=&#8221;{}&#8221;][et_pb_row make_equal=&#8221;on&#8221; _builder_version=&#8221;4.16&#8243; background_color=&#8221;#ffffff&#8221; custom_padding=&#8221;27px|||||&#8221; global_colors_info=&#8221;{}&#8221;][et_pb_column type=&#8221;4_4&#8243; _builder_version=&#8221;4.16&#8243; background_color=&#8221;#ffffff&#8221; global_colors_info=&#8221;{}&#8221;][et_pb_text _builder_version=&#8221;4.16&#8243; text_text_color=&#8221;#a8172d&#8221; header_3_font=&#8221;|600|||||||&#8221; header_3_text_color=&#8221;#a8172d&#8221; header_4_font=&#8221;|600|||||||&#8221; header_4_text_color=&#8221;#ffffff&#8221; background_color=&#8221;#d6d6d6&#8243; text_orientation=&#8221;center&#8221; custom_margin=&#8221;-3px||||false|false&#8221; custom_padding=&#8221;19px||32px||false|false&#8221; border_color_all=&#8221;#a8172d&#8221; box_shadow_style=&#8221;preset6&#8243; box_shadow_blur=&#8221;28px&#8221; box_shadow_spread=&#8221;5px&#8221; global_colors_info=&#8221;{}&#8221;]<\/p>\n<h3><a href=\"http:\/\/www.fapreforme.org\/\"><\/a>Fondation pour l&#8217;aide au protestantisme r\u00e9form\u00e9<\/h3>\n<p>150, route de Ferney &#8211; BP 2100 &#8211; 1211 Gen\u00e8ve 20 &#8211; Suisse<\/p>\n<p><span>T\u00e9l\u00e9phone\u2009: +41 22 791 61 40 \u2014 Skype\u2009: info-fap<\/span><\/p>\n<p>E-mail\u2009:\u00a0 <a href=\"mailto:info@fapreforme.org\">info@fapreforme.org<\/a><\/p>\n<p><a href=\"http:\/\/www.fapreforme.org\"><\/a>Site: <a href=\"http:\/\/www.fapreforme.org\">www.fapreforme.org<\/a><\/p>\n<p>\u00a9 FAP &#8211; 2020 &#8211; Photo accueil: Sandra Seitmann &#8211; Unsplash<\/p>\n<p>[\/et_pb_text][\/et_pb_column][\/et_pb_row][\/et_pb_section]<\/p>\n","protected":false},"excerpt":{"rendered":"<p>Bienvenue \u00e0 la FAP\u00a0! \u00ab Agissez en tout avec amour \u00bb (1 Corinthiens, 16:14) Tel est le verset de l\u2019ann\u00e9e 2024. Il se trouve dans les derni\u00e8res lignes, comme la derni\u00e8re recommandation de Paul \u00e0 la communaut\u00e9 de Corinthe. Comme une sorte de r\u00e9sum\u00e9 de toute sa lettre. \u00ab\u00a0Agir avec amour\u00a0\u00bb\u00a0: une \u00e9vidence\u00a0pour tout chr\u00e9tien [&hellip;]<\/p>\n","protected":false},"author":1,"featured_media":0,"parent":0,"menu_order":0,"comment_status":"closed","ping_status":"closed","template":"","meta":{"_et_pb_use_builder":"on","_et_pb_old_content":"","_et_gb_content_width":""},"_links":{"self":[{"href":"https:\/\/fondationfap.ch\/en\/wp-json\/wp\/v2\/pages\/1571"}],"collection":[{"href":"https:\/\/fondationfap.ch\/en\/wp-json\/wp\/v2\/pages"}],"about":[{"href":"https:\/\/fondationfap.ch\/en\/wp-json\/wp\/v2\/types\/page"}],"author":[{"embeddable":true,"href":"https:\/\/fondationfap.ch\/en\/wp-json\/wp\/v2\/users\/1"}],"replies":[{"embeddable":true,"href":"https:\/\/fondationfap.ch\/en\/wp-json\/wp\/v2\/comments?post=1571"}],"version-history":[{"count":5,"href":"https:\/\/fondationfap.ch\/en\/wp-json\/wp\/v2\/pages\/1571\/revisions"}],"predecessor-version":[{"id":1714,"href":"https:\/\/fondationfap.ch\/en\/wp-json\/wp\/v2\/pages\/1571\/revisions\/1714"}],"wp:attachment":[{"href":"https:\/\/fondationfap.ch\/en\/wp-json\/wp\/v2\/media?parent=1571"}],"curies":[{"name":"wp","href":"https:\/\/api.w.org\/{rel}","templated":true}]}}